{"id":265,"date":"2017-08-01T07:16:56","date_gmt":"2017-08-01T07:16:56","guid":{"rendered":"http:\/\/www.prismaoptica.es\/web\/?page_id=265"},"modified":"2017-08-01T07:16:56","modified_gmt":"2017-08-01T07:16:56","slug":"seguretat-i-privacitat","status":"publish","type":"page","link":"http:\/\/www.prismaoptica.es\/web\/seguretat-i-privacitat\/","title":{"rendered":"Seguretat i privacitat"},"content":{"rendered":"<h2><span style=\"font-size: 18pt;\">Seguretat i privacitat<\/span><\/h2>\n<p style=\"padding-left: 60px; text-align: justify;\"><strong>1. Dades de l&#8217;empresa<\/strong><br \/>\nEn compliment de l&#8217;article 10 de la Llei 34\/2002, d&#8217;11 de juliol, de Serveis de la Societat de la Informaci\u00f3 i Comer\u00e7 Electr\u00f2nic, a continuaci\u00f3 s&#8217;exposen les dades identificatives de l&#8217;empresa.<\/p>\n<p style=\"padding-left: 60px; text-align: justify;\">Denominaci\u00f3 Social:<\/p>\n<p style=\"padding-left: 60px; text-align: justify;\">Opticas GH S.L., d&#8217;ara endavant Prisma \u00d2ptica.<br \/>\nNIF: B59895649<br \/>\nC\/\u00c0ngel Guimer\u00e0 num 35,<br \/>\n08950 Esplugues de Llobregat. Barcelona.<br \/>\nE admin@prismaoptica.es<br \/>\nT (34) 933716815<\/p>\n<p style=\"padding-left: 60px; text-align: justify;\"><strong>2. Propietat intel\u00b7lectual<\/strong><br \/>\nEl codi font, els dissenys gr\u00e0fics, les imatges, les fotografies, els sons, les animacions, el programari, els textos, aix\u00ed com la informaci\u00f3 i els continguts que es recullen a la present web estan protegits per la legislaci\u00f3 espanyola sobre els drets de propietat intel\u00b7lectual i industrial a favor de Prisma \u00d2ptica. i no es permet la reproducci\u00f3 i\/o publicaci\u00f3, total o parcial, del lloc web, ni el seu tractament inform\u00e0tic, la seva distribuci\u00f3, la seva difusi\u00f3, ni la seva modificaci\u00f3, transformaci\u00f3 o descompilaci\u00f3n, ni altres drets reconeguts legalment al seu titular, sense el perm\u00eds previ i per escrit del mateix, a Prisma \u00d2ptica.<\/p>\n<p style=\"padding-left: 60px; text-align: justify;\">L&#8217;usuari, \u00fanica i exclusivament, pot utilitzar el material que aparegui en aquesta web per al seu \u00fas personal i privat, quedant prohibit el seu \u00fas amb finalitats comercials o per inc\u00f3rrer en activitats il\u00b7l\u00edcites. Tots els drets derivats de la propietat intel\u00b7lectual estan expressament reservats per Prisma \u00d2ptica.<\/p>\n<p style=\"padding-left: 60px; text-align: justify;\">Prisma \u00d2ptica vetllar\u00e0 pel compliment de les anteriors condicions com per la deguda utilitzaci\u00f3 dels continguts presentats a les seves p\u00e0gines web, exercitant totes les accions civils i penals que li corresponguin en el cas d&#8217;infracci\u00f3 o incompliment d&#8217;aquests drets per part de l&#8217;usuari.<\/p>\n<p style=\"padding-left: 60px; text-align: justify;\"><strong>3. Protecci\u00f3 de dades de car\u00e0cter personal<\/strong><br \/>\nEn el marc del compliment de la legislaci\u00f3 vigent, recollida en la Llei Org\u00e0nica 15\/1999, de 13 de desembre, sobre protecci\u00f3 de Dades de Car\u00e0cter Personal (LOPD), l&#8217;objecte del qual \u00e9s garantir i protegir, en el que concerneix al tractament de les dades personals, les llibertats i drets fonamentals de les persones f\u00edsiques, i especialment del seu honor i intimitat personal.<\/p>\n<p style=\"padding-left: 60px; text-align: justify;\">Les dades facilitades per l&#8217;Usuari durant el proc\u00e9s de registre s\u00f3n tractats amb absoluta confidencialitat, no sent accessibles a tercers per a finalitats diferents per les quals han estat autoritzats.<\/p>\n<p style=\"padding-left: 60px; text-align: justify;\">Qualsevol usuari registrat pot exercitar gratu\u00eftament els seus drets d&#8217;acc\u00e9s, rectificaci\u00f3, oposici\u00f3 i cancel\u00b7laci\u00f3 de les seves dades de car\u00e0cter personal subministrats a trav\u00e9s de la Web http:\/\/www.prismaoptica.es, mitjan\u00e7ant comunicaci\u00f3 escrita dirigida a Prisma \u00d2ptica. situada en C\/\u00c0ngel Guimer\u00e0 num 35, 08950 Esplugues de Llobregat. Barcelona, Espanya.<\/p>\n<p style=\"padding-left: 60px; text-align: justify;\"><strong>4. Diversos<\/strong><br \/>\nA.- Quan l&#8217;usuari es trobi navegant per les p\u00e0gines web de Prisma \u00d2ptica el servidor on es troba allotjada reconeix autom\u00e0ticament l&#8217;adre\u00e7a IP del seu ordinador, el dia i l&#8217;hora en la qual comen\u00e7a la visita, en la qual abandona la visita, aix\u00ed com informaci\u00f3 sobre les diferents seccions consultades. \u00c9s necessari que el servidor conegui aquestes dades per poder comunicar-se i enviar-li la petici\u00f3 realitzada i que a trav\u00e9s del navegador es pugui veure en la pantalla.<\/p>\n<p style=\"padding-left: 60px; text-align: justify;\">B.- Prisma \u00d2ptica podr\u00e0 modificar, sense previ av\u00eds, la informaci\u00f3 continguda en el seu lloc web, aix\u00ed com la seva configuraci\u00f3 i presentaci\u00f3.<\/p>\n<p style=\"padding-left: 60px; text-align: justify;\">C.- Prisma \u00d2ptica es compromet a trav\u00e9s d&#8217;aquest mitj\u00e0 a NO REALITZAR PUBLICITAT ENGANYOSA. A aquests efectes, per tant, no seran considerats com a publicitat enganyosa els errors formals o num\u00e8rics que puguin trobar-se al llarg del contingut de les diferents seccions de la web de Prisma \u00d2ptica, produ\u00efts com a conseq\u00fc\u00e8ncia d&#8217;un manteniment i\/o actualitzaci\u00f3 incompleta o defectuosa de la informaci\u00f3 continguda \u00e9s aquestes seccions. Prisma \u00d2ptica, com a conseq\u00fc\u00e8ncia del que es disposa en aquest apartat, es compromet a corregir-ho tan aviat com tingui coneixement d&#8217;aquests errors.<\/p>\n<p style=\"padding-left: 60px; text-align: justify;\">D.- Prisma \u00d2ptica es compromet a NO REMETRE COMUNICACIONS COMERCIALS SENSE IDENTIFICAR-LES COM TALS, conforme al que es disposa en la Llei 34\/2002 de Serveis de la Societat de la Informaci\u00f3 i de comer\u00e7 electr\u00f2nic. A aquests efectes no ser\u00e0 considerat com a comunicaci\u00f3 comercial tota la informaci\u00f3 que s&#8217;envi\u00ef als CONTACTES de Prisma \u00d2ptica, sempre que tingui per finalitat l&#8217;acompliment de les tasques d&#8217;informaci\u00f3, formaci\u00f3 i altres activitats pr\u00f2pies del servei que els usuaris busquen.<\/p>\n<p style=\"padding-left: 60px; text-align: justify;\">I.- Prisma \u00d2ptica no es fa responsable de l&#8217;incompliment de qualsevol norma aplicable en qu\u00e8 pugui inc\u00f3rrer l&#8217;usuari en el seu acc\u00e9s al lloc web el present lloc web i\/o en l&#8217;\u00fas de les informacions contingudes en el mateix.<\/p>\n<p style=\"padding-left: 60px; text-align: justify;\">F.- Prisma \u00d2ptica no ser\u00e0 responsable dels danys i perjudicis produ\u00efts o que puguin produir-se, qualsevol que sigui la seva naturalesa, que es derivin de l&#8217;\u00fas de la informaci\u00f3, de les mat\u00e8ries contingudes en aquesta web i dels programes que incorpora. Els enlla\u00e7os (Links) i hipertext que possibilitin, a trav\u00e9s del lloc web, accedir a l&#8217;usuari a prestacions i serveis oferts per tercers, no pertanyen ni es troben sota el control de Prisma \u00d2ptica; aquesta entitat no es fa responsable ni de la informaci\u00f3 continguda en els mateixos ni de qualssevol efectes que poguessin derivar-se d&#8217;aquesta informaci\u00f3.<\/p>\n<p style=\"padding-left: 60px; text-align: justify;\">G.- Prisma \u00d2ptica no es fa responsable de l&#8217;\u00fas il\u00b7leg\u00edtim que terceres persones puguin fer dels noms de marca, noms de producte, marques comercials que, no sent propietat d&#8217;aquesta entitat, apareguin en el present lloc web. Tampoc es responsabilitza de la integritat, veracitat i licitud del contingut dels enlla\u00e7os a les webs a les quals pugui accedir-se des del present lloc web.<\/p>\n<p style=\"padding-left: 60px; text-align: justify;\">H.- En definitiva, l&#8217;Usuari \u00e9s l&#8217;\u00fanic responsable de l&#8217;\u00fas que realitzi dels serveis, continguts, enlla\u00e7os (links) i hipertext inclosos a la web de Prisma \u00d2ptica.<\/p>\n","protected":false},"excerpt":{"rendered":"<p>Seguretat i privacitat 1. Dades de l&#8217;empresa En compliment de l&#8217;article 10 de la Llei 34\/2002, d&#8217;11 de juliol, de Serveis de la Societat de la Informaci\u00f3 i Comer\u00e7 Electr\u00f2nic, a continuaci\u00f3 s&#8217;exposen les dades identificatives de l&#8217;empresa. Denominaci\u00f3 Social: Opticas GH S.L., d&#8217;ara endavant Prisma \u00d2ptica. NIF: B59895649 C\/\u00c0ngel Guimer\u00e0 num 35, 08950 Esplugues [&hellip;]<\/p>\n","protected":false},"author":1,"featured_media":0,"parent":0,"menu_order":0,"comment_status":"closed","ping_status":"closed","template":"","meta":{"jetpack_post_was_ever_published":false,"footnotes":""},"jetpack_sharing_enabled":true,"jetpack_shortlink":"https:\/\/wp.me\/P8Tz7L-4h","_links":{"self":[{"href":"http:\/\/www.prismaoptica.es\/web\/wp-json\/wp\/v2\/pages\/265"}],"collection":[{"href":"http:\/\/www.prismaoptica.es\/web\/wp-json\/wp\/v2\/pages"}],"about":[{"href":"http:\/\/www.prismaoptica.es\/web\/wp-json\/wp\/v2\/types\/page"}],"author":[{"embeddable":true,"href":"http:\/\/www.prismaoptica.es\/web\/wp-json\/wp\/v2\/users\/1"}],"replies":[{"embeddable":true,"href":"http:\/\/www.prismaoptica.es\/web\/wp-json\/wp\/v2\/comments?post=265"}],"version-history":[{"count":1,"href":"http:\/\/www.prismaoptica.es\/web\/wp-json\/wp\/v2\/pages\/265\/revisions"}],"predecessor-version":[{"id":266,"href":"http:\/\/www.prismaoptica.es\/web\/wp-json\/wp\/v2\/pages\/265\/revisions\/266"}],"wp:attachment":[{"href":"http:\/\/www.prismaoptica.es\/web\/wp-json\/wp\/v2\/media?parent=265"}],"curies":[{"name":"wp","href":"https:\/\/api.w.org\/{rel}","templated":true}]}}